{"id":9,"date":"2023-11-04T09:36:48","date_gmt":"2023-11-04T08:36:48","guid":{"rendered":"https:\/\/uj.lipthay.hu\/?page_id=9"},"modified":"2023-11-05T19:06:37","modified_gmt":"2023-11-05T18:06:37","slug":"kapcsolat","status":"publish","type":"page","link":"https:\/\/uj.lipthay.hu\/?page_id=9","title":{"rendered":"Kapcsolat"},"content":{"rendered":"<p style=\"text-align: center;\"><img decoding=\"async\" src=\"https:\/\/www.lipthay.hu\/gallery_gen\/e8eee2127e98b9b865f6d735a9a75c03_603.9590443686x237.36842105263_27.321956769056x48.19298245614_632x328.png\" \/><\/p>\n<p style=\"text-align: center;\">INT\u00c9ZM\u00c9NYI ADATOK,<br \/>\nEL\u00c9RHET\u0150S\u00c9G<\/p>\n<p style=\"text-align: center;\">Igazgat\u00f3: Filkor Lajos<\/p>\n<p style=\"text-align: center;\">Igazgat\u00f3-helyettesek: Barna M\u00e1ty\u00e1s, Kir\u00e1ly Tibor<\/p>\n<p style=\"text-align: center;\">C\u00edm: 3170 Sz\u00e9cs\u00e9ny, Haynald Lajos utca 11.<\/p>\n<p style=\"text-align: center;\">Telefon\/fax: 32\/370-573<\/p>\n<p style=\"text-align: center;\">E-mail: lipthayiskola@gmail.com<\/p>\n<p style=\"text-align: center;\">Honlap: https:\/\/lipthay.hu, www.lipthay.hu<\/p>\n<p style=\"text-align: center;\">Facebook: Lipthay B\u00e9la<\/p>\n<p style=\"text-align: center;\">OM azonos\u00edt\u00f3: 035269<\/p>\n<p style=\"text-align: center;\">Feladatell\u00e1t\u00e1si hely k\u00f3dja: 024<\/p>\n<p style=\"text-align: center;\">Feln\u0151ttk\u00e9pz\u00e9si nyilv\u00e1ntart\u00e1si sz\u00e1m: E-00003\/2013<\/p>\n<p style=\"text-align: center;\">ECDL vizsgak\u00f6zpont: 374<\/p>\n<p style=\"text-align: center;\">\u00dcgyint\u00e9z\u00e9s: minden h\u00e9tk\u00f6znap reggel 8 \u00f3r\u00e1t\u00f3l<\/p>\n<p>&nbsp;<\/p>\n<p style=\"text-align: center;\"><strong>K\u00e9rd\u00e9se van? \u00cdrjon nek\u00fcnk!<\/strong><\/p>\n","protected":false},"excerpt":{"rendered":"<p>INT\u00c9ZM\u00c9NYI ADATOK, EL\u00c9RHET\u0150S\u00c9G Igazgat\u00f3: Filkor Lajos Igazgat\u00f3-helyettesek: Barna M\u00e1ty\u00e1s, Kir\u00e1ly Tibor C\u00edm: 3170 Sz\u00e9cs\u00e9ny, Haynald Lajos utca 11. Telefon\/fax: 32\/370-573 E-mail: lipthayiskola@gmail.com Honlap: https:\/\/lipthay.hu, www.lipthay.hu Facebook: Lipthay B\u00e9la OM azonos\u00edt\u00f3: 035269 Feladatell\u00e1t\u00e1si hely k\u00f3dja: 024 Feln\u0151ttk\u00e9pz\u00e9si nyilv\u00e1ntart\u00e1si sz\u00e1m: E-00003\/2013 ECDL vizsgak\u00f6zpont: 374 \u00dcgyint\u00e9z\u00e9s: minden h\u00e9tk\u00f6znap reggel 8 \u00f3r\u00e1t\u00f3l &nbsp; K\u00e9rd\u00e9se van? \u00cdrjon nek\u00fcnk!<\/p>\n","protected":false},"author":1,"featured_media":0,"parent":0,"menu_order":10,"comment_status":"closed","ping_status":"open","template":"","meta":{"footnotes":""},"class_list":["post-9","page","type-page","status-publish","hentry"],"_links":{"self":[{"href":"https:\/\/uj.lipthay.hu\/index.php?rest_route=\/wp\/v2\/pages\/9","targetHints":{"allow":["GET"]}}],"collection":[{"href":"https:\/\/uj.lipthay.hu\/index.php?rest_route=\/wp\/v2\/pages"}],"about":[{"href":"https:\/\/uj.lipthay.hu\/index.php?rest_route=\/wp\/v2\/types\/page"}],"author":[{"embeddable":true,"href":"https:\/\/uj.lipthay.hu\/index.php?rest_route=\/wp\/v2\/users\/1"}],"replies":[{"embeddable":true,"href":"https:\/\/uj.lipthay.hu\/index.php?rest_route=%2Fwp%2Fv2%2Fcomments&post=9"}],"version-history":[{"count":3,"href":"https:\/\/uj.lipthay.hu\/index.php?rest_route=\/wp\/v2\/pages\/9\/revisions"}],"predecessor-version":[{"id":223,"href":"https:\/\/uj.lipthay.hu\/index.php?rest_route=\/wp\/v2\/pages\/9\/revisions\/223"}],"wp:attachment":[{"href":"https:\/\/uj.lipthay.hu\/index.php?rest_route=%2Fwp%2Fv2%2Fmedia&parent=9"}],"curies":[{"name":"wp","href":"https:\/\/api.w.org\/{rel}","templated":true}]}}